{"id":152,"date":"2020-06-30T07:20:10","date_gmt":"2020-06-30T07:20:10","guid":{"rendered":"http:\/\/new.soundbook.hu\/?page_id=152"},"modified":"2025-11-27T07:44:48","modified_gmt":"2025-11-27T07:44:48","slug":"teszt","status":"publish","type":"page","link":"https:\/\/soundbook.hu\/","title":{"rendered":"Nyit\u00f3lap"},"content":{"rendered":"<div id=\"pl-gb152-6a045a0234386\"  class=\"panel-layout\" ><div id=\"pg-gb152-6a045a0234386-0\"  class=\"panel-grid panel-has-style\" ><div class=\"siteorigin-panels-stretch panel-row-style panel-row-style-for-gb152-6a045a0234386-0\" data-stretch-type=\"full-stretched-padded\" ><div id=\"pgc-gb152-6a045a0234386-0-0\"  class=\"panel-grid-cell\" ><div id=\"panel-gb152-6a045a0234386-0-0-0\" class=\"so-panel widget widget_themegrill_flash_image tg-widget tg-image-widget panel-first-child panel-last-child\" data-index=\"0\" ><div class=\"topimage panel-widget-style panel-widget-style-for-gb152-6a045a0234386-0-0-0\" >\t<img decoding=\"async\" src=\"\" \/>\n<\/div><\/div><\/div><\/div><\/div><div id=\"pg-gb152-6a045a0234386-1\"  class=\"panel-grid panel-no-style\" ><div id=\"pgc-gb152-6a045a0234386-1-0\"  class=\"panel-grid-cell\" ><div id=\"panel-gb152-6a045a0234386-1-0-0\" class=\"so-panel widget widget_themegrill_flash_service tg-widget tg-single-service panel-first-child\" data-index=\"1\" >\n<div class=\"tg-service-widget tg-service-layout-1\">\n\t<div class=\"service-wrapper\">\n\t\t<div class=\"service-icon-title-wrapper clearfix\">\n\t\t\t\t\t\t\t\t\t<figure class=\"service-image-wrap\"><img decoding=\"async\" src=\"https:\/\/soundbook.hu\/wp-content\/uploads\/2020\/06\/sinus-logo-top-gruen.png\" \/><\/figure>\n\t\t\t\t\t\t\t\t\t<h3 class=\"service-title-wrap\">\n\t\t\t\t\t\t\t\t<a href=\"https:\/\/sinus-leipzig.de\/en\/\">\n\t\t\t\tSINUS Messtechnik GmbH \u2013 N\u00e9metorsz\u00e1g, Lipcse\t\t\t\t\t\t\t\t<\/a>\n\t\t\t\t\t\t\t<\/h3>\n\t\t\t\t\t<\/div>\n\t\t\t\t\t\t<a class=\"service-more\" href=\"https:\/\/sinus-leipzig.de\/en\/\">sinus-leipzig.de<\/a>\n\t\t\t<\/div>\n<\/div>\n<\/div><div id=\"panel-gb152-6a045a0234386-1-0-1\" class=\"so-panel widget widget_text panel-last-child\" data-index=\"2\" ><div class=\"service-title-wrap panel-widget-style panel-widget-style-for-gb152-6a045a0234386-1-0-1\" >\t\t\t<div class=\"textwidget\"><ul>\n<li>Zaj- \u00e9s rezg\u00e9sanaliz\u00e1torok:\n<ul>\n<li>Soundbook<\/li>\n<li>MK2 Noisepad<\/li>\n<\/ul>\n<\/li>\n<li>K\u00e9zi hangnyom\u00e1sszintm\u00e9r\u0151k\n<ul>\n<li>Boogie (2. pontoss\u00e1gi oszt\u00e1ly)<\/li>\n<li>Tango (PTB t\u00edpusenged\u00e9ly)<\/li>\n<li>Tango Plus (PTB enged\u00e9ly)<\/li>\n<li>Tango alap\u00fa zajmonitorok<\/li>\n<\/ul>\n<\/li>\n<li>Speci\u00e1lis \u00e9rz\u00e9kel\u0151k:\n<ul>\n<li>Szeizmom\u00e9ter<\/li>\n<li>Intenzit\u00e1szond\u00e1k<\/li>\n<li>Impulzuskalap\u00e1cs<\/li>\n<\/ul>\n<\/li>\n<li>Szoftverek:\n<ul>\n<li>SAMURAI elemz\u0151 szoftver<\/li>\n<li>NVWin elemz\u0151 szoftver<\/li>\n<\/ul>\n<\/li>\n<\/ul>\n<p>\u2026 \u00e9s m\u00e9g sok m\u00e1s, egyedi ig\u00e9nyeket is kiel\u00e9g\u00edt\u0151 eszk\u00f6zt k\u00edn\u00e1lunk.<\/p>\n<p><a href=\"https:\/\/sinus-leipzig.de\/en\/\">sinus-leipzig.de<\/a><\/p>\n<\/div>\n\t\t<\/div><\/div><\/div><div id=\"pgc-gb152-6a045a0234386-1-1\"  class=\"panel-grid-cell\" ><div id=\"panel-gb152-6a045a0234386-1-1-0\" class=\"so-panel widget widget_themegrill_flash_service tg-widget tg-single-service panel-first-child\" data-index=\"3\" >\n<div class=\"tg-service-widget tg-service-layout-1\">\n\t<div class=\"service-wrapper\">\n\t\t<div class=\"service-icon-title-wrapper clearfix\">\n\t\t\t\t\t\t\t\t\t<figure class=\"service-image-wrap\"><img decoding=\"async\" src=\"https:\/\/soundbook.hu\/wp-content\/uploads\/2020\/07\/Woelfel-logo-sm.png\" \/><\/figure>\n\t\t\t\t\t\t\t\t\t<h3 class=\"service-title-wrap\">\n\t\t\t\t\t\t\t\t<a href=\"https:\/\/www.woelfel.de\/\">\n\t\t\t\tW\u00f6lfel Me\u00dfsysteme \u2013 Software GmbH, N\u00e9metorsz\u00e1g, H\u00f6chberg\t\t\t\t\t\t\t\t<\/a>\n\t\t\t\t\t\t\t<\/h3>\n\t\t\t\t\t<\/div>\n\t\t\t\t\t\t<a class=\"service-more\" href=\"https:\/\/www.woelfel.de\/\">www.woelfel.de<\/a>\n\t\t\t<\/div>\n<\/div>\n<\/div><div id=\"panel-gb152-6a045a0234386-1-1-1\" class=\"so-panel widget widget_text panel-last-child\" data-index=\"4\" >\t\t\t<div class=\"textwidget\"><ul>\n<li>IMMI zajt\u00e9rk\u00e9pez\u0151 szoftver (<a href=\"https:\/\/www.immi.eu\/\">immi.eu<\/a>)\n<ul>\n<li>Basic (alapfelszerelts\u00e9g)<\/li>\n<li>Standard (max. 100 akad\u00e1ly a t\u00e9rk\u00e9pen)<\/li>\n<li>Plus (max. 3000 akad\u00e1ly a t\u00e9rk\u00e9pen)<\/li>\n<li>Premium (korl\u00e1tlan sz\u00e1m\u00fa akad\u00e1lyra)+ sz\u00e1mtalan eur\u00f3pai el\u0151\u00edr\u00e1s szerinti sz\u00e1m\u00edt\u00e1si modul, \u00fagynevezett elemk\u00f6nyvt\u00e1r.<\/li>\n<\/ul>\n<\/li>\n<\/ul>\n<p><a href=\"https:\/\/immi.eu\"> immi.eu<\/a><\/p>\n<\/div>\n\t\t<\/div><\/div><\/div><\/div>\n\n<div id=\"pl-gb152-6a045a02369a6\"  class=\"panel-layout\" ><div id=\"pg-gb152-6a045a02369a6-0\"  class=\"panel-grid panel-no-style\" ><div id=\"pgc-gb152-6a045a02369a6-0-0\"  class=\"panel-grid-cell\" ><div id=\"panel-gb152-6a045a02369a6-0-0-0\" class=\"widget_text so-panel widget widget_custom_html panel-first-child panel-last-child\" data-index=\"0\" ><div class=\"textwidget custom-html-widget\"><a name=\"cegunkrol\" class=\"anchor-hash-link\"><\/a><\/div><\/div><\/div><\/div><div id=\"pg-gb152-6a045a02369a6-1\"  class=\"panel-grid panel-has-style\" ><div class=\"so-parallax siteorigin-panels-stretch panel-row-style panel-row-style-for-gb152-6a045a02369a6-1\" data-stretch-type=\"full\" ><img width=\"2048\" height=\"1365\" src=\"https:\/\/soundbook.hu\/wp-content\/uploads\/2020\/07\/IMG_1510.jpg\" class=\"attachment-full size-full\" alt=\"\" decoding=\"async\" loading=\"eager\" data-siteorigin-parallax=\"true\" srcset=\"https:\/\/soundbook.hu\/wp-content\/uploads\/2020\/07\/IMG_1510.jpg 2048w, https:\/\/soundbook.hu\/wp-content\/uploads\/2020\/07\/IMG_1510-300x200.jpg 300w, https:\/\/soundbook.hu\/wp-content\/uploads\/2020\/07\/IMG_1510-1024x683.jpg 1024w, https:\/\/soundbook.hu\/wp-content\/uploads\/2020\/07\/IMG_1510-768x512.jpg 768w, https:\/\/soundbook.hu\/wp-content\/uploads\/2020\/07\/IMG_1510-1536x1024.jpg 1536w\" sizes=\"(max-width: 2048px) 100vw, 2048px\" \/><div id=\"pgc-gb152-6a045a02369a6-1-0\"  class=\"panel-grid-cell\" ><div id=\"panel-gb152-6a045a02369a6-1-0-0\" class=\"so-panel widget widget_text panel-first-child\" data-index=\"1\" ><div class=\"cegunkrol flash_inherit_color panel-widget-style panel-widget-style-for-gb152-6a045a02369a6-1-0-0\" ><h3 class=\"widget-title\">C\u00c9G\u00dcNKR\u0150L<\/h3>\t\t\t<div class=\"textwidget\"><p>A Soundbook Hungary Kft. 1996-ban alakult. Az els\u0151 id\u0151ben leveg\u0151tisztas\u00e1gv\u00e9delmi sz\u0171r\u0151rendszerekhez forgalmazott sz\u0171r\u0151egys\u00e9geket, Filter-Consult Hungary Kft n\u00e9ven.<\/p>\n<p>2009-ben bek\u00f6vetkezett egy v\u00e1ltoz\u00e1s a c\u00e9g tulajdonosi k\u00f6r\u00e9ben, a n\u00e9met SINUS Messtechnik GmbH. r\u00e9sztulajdona n\u00e9vv\u00e1ltoz\u00e1st \u00e9s profilv\u00e1lt\u00e1st is hozott. Ett\u0151l kezdve Soundbook Hungary Kft-k\u00e9nt zaj- \u00e9s rezg\u00e9sv\u00e9delmi eszk\u00f6z\u00f6k, szoftverek forgalmaz\u00e1sa volt a f\u0151profil.<\/p>\n<p>2014-t\u0151l elindult egy folyamatos v\u00e1ltoz\u00e1s, els\u0151 l\u00e9p\u00e9sben \u00e9p\u00fcletg\u00e9p\u00e9szeti term\u00e9kekkel b\u0151v\u00fclt a k\u00edn\u00e1lat, majd kil\u00e9pett a c\u00e9gb\u0151l a n\u00e9met partner, \u00edgy ma m\u00e1r egy 100 % magyar tulajdon\u00fa c\u00e9gg\u00e9 v\u00e1ltunk.<\/p>\n<p>Sok \u00e9ves eredm\u00e9nyes egy\u00fcttm\u0171k\u00f6d\u00e9s\u00fcnket fenntartjuk a PIM Professzion\u00e1lis Ipari M\u00e9r\u00e9stechnika Kft-vel (<a href=\"https:\/\/pim-kft.hu\/\">https:\/\/pim-kft.hu\/<\/a>), amely sor\u00e1n mind a m\u00e9r\u00e9si feladatokban, mind a m\u00e9r\u00e9stechnikai megold\u00e1sokban t\u00e1mogatjuk egym\u00e1s tev\u00e9kenys\u00e9g\u00e9t.<\/p>\n<p>A zaj- \u00e9s rezg\u00e9scs\u00f6kkent\u00e9si term\u00e9kek mellett egyre nagyobb az \u00e9p\u00fcletg\u00e9p\u00e9szeti term\u00e9kek r\u00e9szar\u00e1nya a forgalomban.<\/p>\n<p>&nbsp;<\/p>\n<p>Szab\u00f3 Zolt\u00e1n \u00fcgyvezet\u0151<br \/>\n<a href=\"tel:+36309509724\">+36 30 9509 724<\/a><br \/>\n<a href=\"mailto:info@soundbook.hu\">info@soundbook.hu<\/a><\/p>\n<\/div>\n\t\t<\/div><\/div><div id=\"panel-gb152-6a045a02369a6-1-0-1\" class=\"so-panel widget widget_text panel-last-child\" data-index=\"2\" ><div class=\"felhivas panel-widget-style panel-widget-style-for-gb152-6a045a02369a6-1-0-1\" ><h3 class=\"widget-title\">Felh\u00edv\u00e1s!<\/h3>\t\t\t<div class=\"textwidget\"><p>Tisztelt Partnereink szeretn\u00e9nk felh\u00edvni figyelm\u00fcket, hogy a n\u00e9met W\u00f6lfel Engineering GmbH + Co. KG az IMMI zajprogn\u00f3zis k\u00e9sz\u00edt\u0151 szoftver fejleszt\u0151je, Magyarorsz\u00e1gon jelenleg egyed\u00fcl a Soundbook Hungary Kft-nek adott forgalmaz\u00e1si jogot. Sajnos el\u0151fordulhat, hogy m\u00e1s c\u00e9gek is forgalmaz\u00f3nak adj\u00e1k ki magukat, ezzel megt\u00e9vesztve v\u00e1s\u00e1rl\u00f3kat. K\u00e9rj\u00fck, ne hagyj\u00e1k magukat f\u00e9lrevezetni, minden a szoftverrel kapcsolatos k\u00e9rd\u00e9sben forduljanak c\u00e9g\u00fcnkh\u00f6z!<\/p>\n<p><strong>\u00a0<\/strong><\/p>\n<\/div>\n\t\t<\/div><\/div><\/div><\/div><\/div><\/div>\n\n<div id=\"pl-gb152-6a045a0237f81\"  class=\"panel-layout\" ><div id=\"pg-gb152-6a045a0237f81-0\"  class=\"panel-grid panel-no-style\" ><div id=\"pgc-gb152-6a045a0237f81-0-0\"  class=\"panel-grid-cell\" ><div id=\"panel-gb152-6a045a0237f81-0-0-0\" class=\"so-panel widget widget_text panel-first-child panel-last-child\" data-index=\"0\" ><div id=\"akcio\" class=\"panel-widget-style panel-widget-style-for-gb152-6a045a0237f81-0-0-0\" ><h3 class=\"widget-title\">IMMI-Cnossos<\/h3>\t\t\t<div class=\"textwidget\"><p>&nbsp;<\/p>\n<p>Az IMMI szoftver imm\u00e1r el\u00e9rhet\u0151 CNOSSOS-al kib\u0151v\u00edtve is<br \/>\nakci\u00f3s felt\u00e9telekkel!<\/p>\n<p>Az EU egys\u00e9ges zajterjed\u00e9s modellez\u00e9s\u00e9t el\u0151seg\u00edt\u0151 szab\u00e1lyoz\u00e1s\u00e1nak (2002\/49\/EK eur\u00f3pai parlamenti \u00e9s tan\u00e1csi ir\u00e1nyelv, 2015. m\u00e1jus 19-i (EU) 2015\/996 bizotts\u00e1gi ir\u00e1nyelvben foglaltak szerint) magyar adapt\u00e1ci\u00f3ja 2025-ben befejez\u0151d\u00f6tt. Ennek sor\u00e1n a zaj \u00e9rt\u00e9kel\u00e9si m\u00f3dszereket meghat\u00e1roz\u00f3 93\/2007. (XII. 18.) KvVM rendelet a zajkibocs\u00e1t\u00e1si hat\u00e1r\u00e9rt\u00e9kek meg\u00e1llap\u00edt\u00e1s\u00e1nak, valamint a zaj- \u00e9s rezg\u00e9skibocs\u00e1t\u00e1s ellen\u0151rz\u00e9s\u00e9nek m\u00f3dj\u00e1r\u00f3l, valamint a 25\/2004. (XII. 20.) KvVM rendelet a strat\u00e9giai zajt\u00e9rk\u00e9pek, valamint az int\u00e9zked\u00e9si tervek k\u00e9sz\u00edt\u00e9s\u00e9nek r\u00e9szletes szab\u00e1lyair\u00f3l 2025. november 29-\u00e9n hat\u00e1lyba l\u00e9p\u0151 m\u00f3dos\u00edt\u00e1sainak nyom\u00e1n a zajterjed\u00e9s sz\u00e1m\u00edt\u00f3g\u00e9pes modellez\u00e9se a szak\u00e9rt\u0151i munk\u00e1ban az eddigiekn\u00e9l nagyobb szerepet kap.<\/p>\n<p>A W\u00f6lfel GmbH m\u00e1r 2001 \u00f3ta jelen van a magyar piacon, r\u00e9szt vett a strat\u00e9giai zajt\u00e9rk\u00e9pek elk\u00e9sz\u00edt\u00e9s\u00e9nek kidolgoz\u00e1s\u00e1ban, az \u00e9vek sor\u00e1n t\u00f6bb strat\u00e9giai zajt\u00e9rk\u00e9p k\u00e9sz\u00fclt ezzel a szoftverrel \u00e9s \u00f6t korm\u00e1nyhivatal mellett sz\u00e1mos szak\u00e9rt\u0151 dolgozik vele sok \u00e9ve. Az \u00faj szab\u00e1lyoz\u00e1s illeszt\u00e9se az IMMI szoftverbe megt\u00f6rt\u00e9nt.<\/p>\n<p>Eddigi partnereinknek akci\u00f3s aj\u00e1nlatokkal k\u00edn\u00e1ljuk m\u00e1r az \u00faj sz\u00e1m\u00edt\u00e1si m\u00f3dszereket. De azoknak a szak\u00e9rt\u0151knek, akik csak most gondolkodnak a szoftver beszerz\u00e9s\u00e9n is tudunk kedvez\u0151 aj\u00e1nlatot kidolgozni. Forduljon hozz\u00e1nk bizalommal, megtal\u00e1ljuk az \u00d6n sz\u00e1m\u00e1ra legkedvez\u0151bb megold\u00e1st.<\/p>\n<p>E-mail c\u00edm\u00fcnk: <a href=\"mailto:szaboz@soundbook.hu\">szaboz@soundbook.hu<\/a><br \/>\nMobil el\u00e9rhet\u0151s\u00e9g: +36 30 950 9724<\/p>\n<\/div>\n\t\t<\/div><\/div><\/div><\/div><\/div>\n\n\n<p><\/p>\n\n\n\n<p><\/p>\n","protected":false},"excerpt":{"rendered":"<p>Zaj- \u00e9s rezg\u00e9sanaliz\u00e1torok: Soundbook MK2 Noisepad K\u00e9zi hangnyom\u00e1sszintm\u00e9r\u0151k Boogie (2. pontoss\u00e1gi oszt\u00e1ly) Tango (PTB t\u00edpusenged\u00e9ly) Tango Plus (PTB enged\u00e9ly) Tango [&hellip;]<\/p>\n","protected":false},"author":1,"featured_media":0,"parent":0,"menu_order":0,"comment_status":"closed","ping_status":"closed","template":"","meta":[],"_links":{"self":[{"href":"https:\/\/soundbook.hu\/index.php\/wp-json\/wp\/v2\/pages\/152"}],"collection":[{"href":"https:\/\/soundbook.hu\/index.php\/wp-json\/wp\/v2\/pages"}],"about":[{"href":"https:\/\/soundbook.hu\/index.php\/wp-json\/wp\/v2\/types\/page"}],"author":[{"embeddable":true,"href":"https:\/\/soundbook.hu\/index.php\/wp-json\/wp\/v2\/users\/1"}],"replies":[{"embeddable":true,"href":"https:\/\/soundbook.hu\/index.php\/wp-json\/wp\/v2\/comments?post=152"}],"version-history":[{"count":106,"href":"https:\/\/soundbook.hu\/index.php\/wp-json\/wp\/v2\/pages\/152\/revisions"}],"predecessor-version":[{"id":407,"href":"https:\/\/soundbook.hu\/index.php\/wp-json\/wp\/v2\/pages\/152\/revisions\/407"}],"wp:attachment":[{"href":"https:\/\/soundbook.hu\/index.php\/wp-json\/wp\/v2\/media?parent=152"}],"curies":[{"name":"wp","href":"https:\/\/api.w.org\/{rel}","templated":true}]}}